

{"id":53,"date":"2023-03-09T22:09:16","date_gmt":"2023-03-09T22:09:16","guid":{"rendered":"https:\/\/klaiber.bplaced.net\/?page_id=53"},"modified":"2026-03-22T00:24:51","modified_gmt":"2026-03-22T00:24:51","slug":"kontakt","status":"publish","type":"page","link":"https:\/\/smyv.de\/?page_id=53","title":{"rendered":"Kontakt"},"content":{"rendered":"\n<h2 class=\"wp-block-heading has-large-font-size\" style=\"font-style:normal;font-weight:100\">Adresse<\/h2>\n\n\n\n<p>Segel- und Motoryachtverein B\u00f6blingen e.V.<br>M\u00f6nchweg 6<br>71032 B\u00f6blingen<br>Tel. <a href=\"tel:4915753996592\">+49 1575 3996592<\/a><br>Mail: <a href=\"mailto:verein@smyv.de\">verein@smyv.de<\/a><br>Internet: <a href=\"https:\/\/smyv.de\/\" data-type=\"page\" data-id=\"51\">www.smyv.de<\/a><\/p>\n\n\n\n<div style=\"height:100px\" aria-hidden=\"true\" class=\"wp-block-spacer\"><\/div>\n\n\n\n<h2 class=\"wp-block-heading has-large-font-size\" style=\"font-style:normal;font-weight:100\">Anfahrt<\/h2>\n\n\n\n        <div id=\"map_ol3js_1\"\n       class=\"osm-map-container undefined\"\n             data-map_name=\"undefined\"\n             data-map=\"map_ol3js_1\"\n             style=\"width:95%;\n                    max-width:100%;\n                    height:450px;\n                    display:block;\n                    overflow:hidden;\n                    border:2px solid grey;\">\n          <div id=\"map_ol3js_1_popup\" class=\"ol-popup\">\n            <a href=\"#\" id=\"map_ol3js_1_popup-closer\" class=\"ol-popup-closer\"><\/a>\n            <div id=\"map_ol3js_1_popup-content\"><\/div>\n          <\/div>\n        <\/div>\n    \n\n\t\t\t\t<script type=\"text\/javascript\">\n\t\t\t\t\ttranslations['openlayer'] = \"open layer\";\n\t\t\t\t\ttranslations['openlayerAtStartup'] = \"open layer at startup\";\n\t\t\t\t\ttranslations['generateLink'] = \"Der Link zur Karte mit ausgew\u00e4hlten Overlays und angezeigtem Ausschnitt\";\n\t\t\t\t\ttranslations['shortDescription'] = \"Kurzbeschreibung\";\n\t\t\t\t\ttranslations['generatedShortCode'] = \"to get a text control link paste this code in your wordpress editor\";\n\t\t\t\t\ttranslations['closeLayer'] = \"close layer\";\n\t\t\t\t\ttranslations['cantGenerateLink'] = \"put this string in the existing map short code to control this map\";\n\t\t\t  <\/script>\n\n\n\t\t\t  <script type=\"text\/javascript\">\n\t\t\t  vectorM['map_ol3js_1'] = [];\n\t        \n        var raster = getTileLayer(\"osm\",\"NoKey\");\t\t\t\n\n\t\t\t  var map_ol3js_1 = new ol.Map({\n\t\t\t\tinteractions: ol.interaction.defaults.defaults({mouseWheelZoom:false}),\n\t\t\t\tlayers: [raster],\n\t\t\t\ttarget: \"map_ol3js_1\",\n\t\t\t\tview: new ol.View({\n\t\t\t\t  center: ol.proj.transform([9.0118,48.6822], \"EPSG:4326\", \"EPSG:3857\"),\n\t\t\t\t  zoom: 17.0\n\t\t\t\t})\n\t\t\t  });\n\t\t\t  osm_addMarkerLayer(map_ol3js_1,9.0124,48.6814,\"https:\/\/smyv.de\/wp-content\/plugins\/osm\/icons\/mic_orange_sailing_1.png\",-16,-41,\"<p><\/p>\") ; \naddControls2Map(map_ol3js_1,0,0,3,0,5,6,7,0,1);\nosm_addPopupClickhandler(map_ol3js_1,  \"map_ol3js_1\"); \nosm_addMouseHover(map_ol3js_1); <\/script>\n\n\n\n<div style=\"height:100px\" aria-hidden=\"true\" class=\"wp-block-spacer\"><\/div>\n\n\n\n<h2 class=\"wp-block-heading has-large-font-size\" id=\"vorstandsmitglieder\" style=\"font-style:normal;font-weight:100\">Vorstandsmitglieder<\/h2>\n\n\n<div class='rt-container-fluid rt-team-container rt-pos-r rt-team-container-287' id='rt-team-container-723958874'  data-layout='layout3' data-desktop-col='4'  data-tab-col='3'  data-mobile-col='1' data-sc-id='287' data-popup-bg=''><div data-title='Loading ...' class='rt-row rt-content-loader layout3 ttp-even ttp-pre-loader'><div class=\"rt-col-md-3 rt-col-sm-4 rt-col-xs-12  even-grid-item rt-grid-item round-img\" data-id=\"282\"><div class=\"single-team-area\"><figure><a class=\"\" data-id=\"282\" target=\"_self\" href=\"https:\/\/smyv.de\/?team=1-vorstand\"><img loading=\"lazy\" decoding=\"async\" width=\"150\" height=\"150\" src=\"https:\/\/smyv.de\/wp-content\/uploads\/2023\/03\/quadrat_Heinkele-150x150.jpg\" class=\"img-responsive rt-team-img\" alt=\"1. Vorstand\" \/><\/a><\/figure><div class=\"tlp-content\"><h3><span class=\"team-name\"><a class=\"\" data-id=\"282\" target=\"_self\" title=\"1. Vorstand\" href=\"https:\/\/smyv.de\/?team=1-vorstand\">1. Vorstand<\/a><\/span><\/h3><\/div><div class=\"short-bio\"><p>Marius Heinkele<\/p>\n<\/div><div class=\"contact-info\"><ul><li class=\"tlp-email\"><i class=\"far fa-envelope\"><\/i><a href=\"mailto:1.vorsitzender@smyv.de\"><span class=\"tlp-email\">1.vorsitzender@smyv.de<\/span><\/a><\/li><\/ul><\/div><\/div><\/div><div class=\"rt-col-md-3 rt-col-sm-4 rt-col-xs-12  even-grid-item rt-grid-item round-img\" data-id=\"297\"><div class=\"single-team-area\"><figure><a class=\"\" data-id=\"297\" target=\"_self\" href=\"https:\/\/smyv.de\/?team=2-vorstand\"><img loading=\"lazy\" decoding=\"async\" width=\"150\" height=\"150\" src=\"https:\/\/smyv.de\/wp-content\/uploads\/2023\/03\/quadrat_Fischer-150x150.jpg\" class=\"img-responsive rt-team-img\" alt=\"2. Vorstand\" \/><\/a><\/figure><div class=\"tlp-content\"><h3><span class=\"team-name\"><a class=\"\" data-id=\"297\" target=\"_self\" title=\"2. Vorstand\" href=\"https:\/\/smyv.de\/?team=2-vorstand\">2. Vorstand<\/a><\/span><\/h3><\/div><div class=\"short-bio\"><p>Uwe Fischer<\/p>\n<\/div><div class=\"contact-info\"><ul><li class=\"tlp-email\"><i class=\"far fa-envelope\"><\/i><a href=\"mailto:2.vorsitzender@smyv.de\"><span class=\"tlp-email\">2.vorsitzender@smyv.de<\/span><\/a><\/li><\/ul><\/div><\/div><\/div><div class=\"rt-col-md-3 rt-col-sm-4 rt-col-xs-12  even-grid-item rt-grid-item round-img\" data-id=\"683\"><div class=\"single-team-area\"><figure><a class=\"\" data-id=\"683\" target=\"_self\" href=\"https:\/\/smyv.de\/?team=bootsschule\"><img loading=\"lazy\" decoding=\"async\" width=\"150\" height=\"150\" src=\"https:\/\/smyv.de\/wp-content\/uploads\/2026\/02\/Steffi-150x150.jpg\" class=\"img-responsive rt-team-img\" alt=\"Bootsschule\" \/><\/a><\/figure><div class=\"tlp-content\"><h3><span class=\"team-name\"><a class=\"\" data-id=\"683\" target=\"_self\" title=\"Bootsschule\" href=\"https:\/\/smyv.de\/?team=bootsschule\">Bootsschule<\/a><\/span><\/h3><\/div><div class=\"short-bio\"><p>Stephanie Neke-L\u00f6ffler<\/p>\n<\/div><div class=\"contact-info\"><ul><li class=\"tlp-email\"><i class=\"far fa-envelope\"><\/i><a href=\"mailto:bootsschule@smyv.de\"><span class=\"tlp-email\">bootsschule@smyv.de<\/span><\/a><\/li><\/ul><\/div><\/div><\/div><div class=\"rt-col-md-3 rt-col-sm-4 rt-col-xs-12  even-grid-item rt-grid-item round-img\" data-id=\"298\"><div class=\"single-team-area\"><figure><a class=\"\" data-id=\"298\" target=\"_self\" href=\"https:\/\/smyv.de\/?team=jugendleiter\"><img loading=\"lazy\" decoding=\"async\" width=\"150\" height=\"150\" src=\"https:\/\/smyv.de\/wp-content\/uploads\/2023\/03\/quadrat_Schuenemannjpg-150x150.jpg\" class=\"img-responsive rt-team-img\" alt=\"Jugendleiter\" \/><\/a><\/figure><div class=\"tlp-content\"><h3><span class=\"team-name\"><a class=\"\" data-id=\"298\" target=\"_self\" title=\"Jugendleiter\" href=\"https:\/\/smyv.de\/?team=jugendleiter\">Jugendleiter<\/a><\/span><\/h3><\/div><div class=\"short-bio\"><p>Hannes Sch\u00fcnemann<\/p>\n<\/div><div class=\"contact-info\"><ul><li class=\"tlp-email\"><i class=\"far fa-envelope\"><\/i><a href=\"mailto:jugend@smyv.de\"><span class=\"tlp-email\">jugend@smyv.de<\/span><\/a><\/li><\/ul><\/div><\/div><\/div><div class=\"rt-col-md-3 rt-col-sm-4 rt-col-xs-12  even-grid-item rt-grid-item round-img\" data-id=\"1083\"><div class=\"single-team-area\"><figure><a class=\"\" data-id=\"1083\" target=\"_self\" href=\"https:\/\/smyv.de\/?team=stellv-jugendleiter-segeltrainings\"><img loading=\"lazy\" decoding=\"async\" width=\"150\" height=\"150\" src=\"https:\/\/smyv.de\/wp-content\/uploads\/2026\/04\/PHOTO-2026-04-15-06-41-04-150x150.jpg\" class=\"img-responsive rt-team-img\" alt=\"Jugendleiter (stellv.) \/ Segeltrainings\" \/><\/a><\/figure><div class=\"tlp-content\"><h3><span class=\"team-name\"><a class=\"\" data-id=\"1083\" target=\"_self\" title=\"Jugendleiter (stellv.) \/ Segeltrainings\" href=\"https:\/\/smyv.de\/?team=stellv-jugendleiter-segeltrainings\">Jugendleiter (stellv.) \/ Segeltrainings<\/a><\/span><\/h3><\/div><div class=\"short-bio\"><p>Michael Stotz<\/p>\n<\/div><div class=\"contact-info\"><ul><li class=\"tlp-email\"><i class=\"far fa-envelope\"><\/i><a href=\"mailto:segeltraining@smyv.de\"><span class=\"tlp-email\">segeltraining@smyv.de<\/span><\/a><\/li><\/ul><\/div><\/div><\/div><div class=\"rt-col-md-3 rt-col-sm-4 rt-col-xs-12  even-grid-item rt-grid-item round-img\" data-id=\"687\"><div class=\"single-team-area\"><figure><a class=\"\" data-id=\"687\" target=\"_self\" href=\"https:\/\/smyv.de\/?team=kassenwartin\"><img loading=\"lazy\" decoding=\"async\" width=\"150\" height=\"150\" src=\"https:\/\/smyv.de\/wp-content\/uploads\/2025\/03\/dummy_1-150x150.png\" class=\"img-responsive rt-team-img\" alt=\"Kassenwartin\" \/><\/a><\/figure><div class=\"tlp-content\"><h3><span class=\"team-name\"><a class=\"\" data-id=\"687\" target=\"_self\" title=\"Kassenwartin\" href=\"https:\/\/smyv.de\/?team=kassenwartin\">Kassenwartin<\/a><\/span><\/h3><\/div><div class=\"short-bio\"><p>Isabella Heinkele<\/p>\n<\/div><div class=\"contact-info\"><ul><li class=\"tlp-email\"><i class=\"far fa-envelope\"><\/i><a href=\"mailto:kassiererin@smyv.de\"><span class=\"tlp-email\">kassiererin@smyv.de<\/span><\/a><\/li><\/ul><\/div><\/div><\/div><div class=\"rt-col-md-3 rt-col-sm-4 rt-col-xs-12  even-grid-item rt-grid-item round-img\" data-id=\"688\"><div class=\"single-team-area\"><figure><a class=\"\" data-id=\"688\" target=\"_self\" href=\"https:\/\/smyv.de\/?team=motorbootabteilung\"><img loading=\"lazy\" decoding=\"async\" width=\"150\" height=\"150\" src=\"https:\/\/smyv.de\/wp-content\/uploads\/2025\/12\/IMG_5710-150x150.jpg\" class=\"img-responsive rt-team-img\" alt=\"Motorbootabteilung\" \/><\/a><\/figure><div class=\"tlp-content\"><h3><span class=\"team-name\"><a class=\"\" data-id=\"688\" target=\"_self\" title=\"Motorbootabteilung\" href=\"https:\/\/smyv.de\/?team=motorbootabteilung\">Motorbootabteilung<\/a><\/span><\/h3><\/div><div class=\"short-bio\"><p>Sven Fischer<\/p>\n<\/div><div class=\"contact-info\"><ul><li class=\"tlp-email\"><i class=\"far fa-envelope\"><\/i><a href=\"mailto:motorbootabteilung@smyv.de\"><span class=\"tlp-email\">motorbootabteilung@smyv.de<\/span><\/a><\/li><\/ul><\/div><\/div><\/div><div class=\"rt-col-md-3 rt-col-sm-4 rt-col-xs-12  even-grid-item rt-grid-item round-img\" data-id=\"302\"><div class=\"single-team-area\"><figure><a class=\"\" data-id=\"302\" target=\"_self\" href=\"https:\/\/smyv.de\/?team=obmann-fuer-segelsport\"><img loading=\"lazy\" decoding=\"async\" width=\"150\" height=\"150\" src=\"https:\/\/smyv.de\/wp-content\/uploads\/2026\/04\/PHOTO-2026-03-27-17-03-45_Timo-150x150.jpg\" class=\"img-responsive rt-team-img\" alt=\"Obmann f\u00fcr Segelsport\" \/><\/a><\/figure><div class=\"tlp-content\"><h3><span class=\"team-name\"><a class=\"\" data-id=\"302\" target=\"_self\" title=\"Obmann f\u00fcr Segelsport\" href=\"https:\/\/smyv.de\/?team=obmann-fuer-segelsport\">Obmann f\u00fcr Segelsport<\/a><\/span><\/h3><\/div><div class=\"short-bio\"><p>Timo Schoenen<\/p>\n<\/div><div class=\"contact-info\"><ul><li class=\"tlp-email\"><i class=\"far fa-envelope\"><\/i><a href=\"mailto:segelabteilung@smyv.de\"><span class=\"tlp-email\">segelabteilung@smyv.de<\/span><\/a><\/li><\/ul><\/div><\/div><\/div><div class=\"rt-col-md-3 rt-col-sm-4 rt-col-xs-12  even-grid-item rt-grid-item round-img\" data-id=\"299\"><div class=\"single-team-area\"><figure><a class=\"\" data-id=\"299\" target=\"_self\" href=\"https:\/\/smyv.de\/?team=pressearbeit\"><img loading=\"lazy\" decoding=\"async\" width=\"150\" height=\"150\" src=\"https:\/\/smyv.de\/wp-content\/uploads\/2023\/03\/quadrat_Loeffler-150x150.jpg\" class=\"img-responsive rt-team-img\" alt=\"Pressearbeit\" \/><\/a><\/figure><div class=\"tlp-content\"><h3><span class=\"team-name\"><a class=\"\" data-id=\"299\" target=\"_self\" title=\"Pressearbeit\" href=\"https:\/\/smyv.de\/?team=pressearbeit\">Pressearbeit<\/a><\/span><\/h3><\/div><div class=\"short-bio\"><p>Uwe L\u00f6ffler<\/p>\n<\/div><div class=\"contact-info\"><ul><li class=\"tlp-email\"><i class=\"far fa-envelope\"><\/i><a href=\"mailto:pressestelle@smyv.de\"><span class=\"tlp-email\">pressestelle@smyv.de<\/span><\/a><\/li><\/ul><\/div><\/div><\/div><div class=\"rt-col-md-3 rt-col-sm-4 rt-col-xs-12  even-grid-item rt-grid-item round-img\" data-id=\"689\"><div class=\"single-team-area\"><figure><a class=\"\" data-id=\"689\" target=\"_self\" href=\"https:\/\/smyv.de\/?team=schriftfuehrerin\"><img loading=\"lazy\" decoding=\"async\" width=\"150\" height=\"150\" src=\"https:\/\/smyv.de\/wp-content\/uploads\/2025\/03\/dummy_1-150x150.png\" class=\"img-responsive rt-team-img\" alt=\"Schriftf\u00fchrerin\" \/><\/a><\/figure><div class=\"tlp-content\"><h3><span class=\"team-name\"><a class=\"\" data-id=\"689\" target=\"_self\" title=\"Schriftf\u00fchrerin\" href=\"https:\/\/smyv.de\/?team=schriftfuehrerin\">Schriftf\u00fchrerin<\/a><\/span><\/h3><\/div><div class=\"short-bio\"><p>Christel Enderle-Zweygart<\/p>\n<\/div><div class=\"contact-info\"><ul><li class=\"tlp-email\"><i class=\"far fa-envelope\"><\/i><a href=\"mailto:schriftfuehrerin@smyv.de\"><span class=\"tlp-email\">schriftfuehrerin@smyv.de<\/span><\/a><\/li><\/ul><\/div><\/div><\/div><div class=\"rt-col-md-3 rt-col-sm-4 rt-col-xs-12  even-grid-item rt-grid-item round-img\" data-id=\"690\"><div class=\"single-team-area\"><figure><a class=\"\" data-id=\"690\" target=\"_self\" href=\"https:\/\/smyv.de\/?team=segeltrainer\"><img loading=\"lazy\" decoding=\"async\" width=\"150\" height=\"150\" src=\"https:\/\/smyv.de\/wp-content\/uploads\/2025\/03\/dummy_1-150x150.png\" class=\"img-responsive rt-team-img\" alt=\"Segeltrainer\" \/><\/a><\/figure><div class=\"tlp-content\"><h3><span class=\"team-name\"><a class=\"\" data-id=\"690\" target=\"_self\" title=\"Segeltrainer\" href=\"https:\/\/smyv.de\/?team=segeltrainer\">Segeltrainer<\/a><\/span><\/h3><\/div><div class=\"short-bio\"><p>Bartosz Zmarz<\/p>\n<\/div><div class=\"contact-info\"><ul><li class=\"tlp-email\"><i class=\"far fa-envelope\"><\/i><a href=\"mailto:trainer@smyv.de\"><span class=\"tlp-email\">trainer@smyv.de<\/span><\/a><\/li><\/ul><\/div><\/div><\/div><div class=\"rt-col-md-3 rt-col-sm-4 rt-col-xs-12  even-grid-item rt-grid-item round-img\" data-id=\"682\"><div class=\"single-team-area\"><figure><a class=\"\" data-id=\"682\" target=\"_self\" href=\"https:\/\/smyv.de\/?team=webmaster\"><img loading=\"lazy\" decoding=\"async\" width=\"150\" height=\"150\" src=\"https:\/\/smyv.de\/wp-content\/uploads\/2026\/02\/IMG_8426_Klaiber-150x150.jpg\" class=\"img-responsive rt-team-img\" alt=\"Webmaster\" \/><\/a><\/figure><div class=\"tlp-content\"><h3><span class=\"team-name\"><a class=\"\" data-id=\"682\" target=\"_self\" title=\"Webmaster\" href=\"https:\/\/smyv.de\/?team=webmaster\">Webmaster<\/a><\/span><\/h3><\/div><div class=\"short-bio\"><p>Michael Klaiber<\/p>\n<\/div><div class=\"contact-info\"><ul><li class=\"tlp-email\"><i class=\"far fa-envelope\"><\/i><a href=\"mailto:info@smyv.de\"><span class=\"tlp-email\">info@smyv.de<\/span><\/a><\/li><\/ul><\/div><\/div><\/div><div class=\"rt-loading-overlay\"><\/div><div class=\"rt-loading rt-ball-clip-rotate\"><div><\/div><\/div><\/div><\/div>","protected":false},"excerpt":{"rendered":"<p>Adresse Segel- und Motoryachtverein B\u00f6blingen e.V.M\u00f6nchweg 671032 B\u00f6blingenTel. +49 1575 3996592Mail: verein@smyv.deInternet: www.smyv.de Anfahrt Vorstandsmitglieder<\/p>\n","protected":false},"author":1,"featured_media":749,"parent":0,"menu_order":0,"comment_status":"closed","ping_status":"closed","template":"","meta":{"inspiro_hide_title":false,"footnotes":""},"class_list":["post-53","page","type-page","status-publish","has-post-thumbnail","hentry"],"jetpack_sharing_enabled":true,"_links":{"self":[{"href":"https:\/\/smyv.de\/index.php?rest_route=\/wp\/v2\/pages\/53","targetHints":{"allow":["GET"]}}],"collection":[{"href":"https:\/\/smyv.de\/index.php?rest_route=\/wp\/v2\/pages"}],"about":[{"href":"https:\/\/smyv.de\/index.php?rest_route=\/wp\/v2\/types\/page"}],"author":[{"embeddable":true,"href":"https:\/\/smyv.de\/index.php?rest_route=\/wp\/v2\/users\/1"}],"replies":[{"embeddable":true,"href":"https:\/\/smyv.de\/index.php?rest_route=%2Fwp%2Fv2%2Fcomments&post=53"}],"version-history":[{"count":1,"href":"https:\/\/smyv.de\/index.php?rest_route=\/wp\/v2\/pages\/53\/revisions"}],"predecessor-version":[{"id":1048,"href":"https:\/\/smyv.de\/index.php?rest_route=\/wp\/v2\/pages\/53\/revisions\/1048"}],"wp:featuredmedia":[{"embeddable":true,"href":"https:\/\/smyv.de\/index.php?rest_route=\/wp\/v2\/media\/749"}],"wp:attachment":[{"href":"https:\/\/smyv.de\/index.php?rest_route=%2Fwp%2Fv2%2Fmedia&parent=53"}],"curies":[{"name":"wp","href":"https:\/\/api.w.org\/{rel}","templated":true}]}}