{"id":52,"date":"2023-03-09T22:09:16","date_gmt":"2023-03-09T22:09:16","guid":{"rendered":"https:\/\/klaiber.bplaced.net\/?page_id=52"},"modified":"2026-03-22T00:24:51","modified_gmt":"2026-03-22T00:24:51","slug":"verein","status":"publish","type":"page","link":"https:\/\/smyv.de\/?page_id=52","title":{"rendered":"Verein"},"content":{"rendered":"\n<h2 class=\"wp-block-heading has-large-font-size\" id=\"inspiro-is-a-digital-product-agency-that-focuses-on-strategy-and-design\" style=\"font-style:normal;font-weight:100\">Liebe Wassersportfreunde.<\/h2>\n\n\n\n<div style=\"height:100px\" aria-hidden=\"true\" class=\"wp-block-spacer\"><\/div>\n\n\n\n<p>Hier finden Sie in K\u00fcrze Informationen zu unserem Verein.<\/p>\n\n\n\n<div class=\"wp-block-columns alignwide is-layout-flex wp-container-core-columns-is-layout-28f84493 wp-block-columns-is-layout-flex\">\n<div class=\"wp-block-column is-layout-flow wp-block-column-is-layout-flow\">\n<figure class=\"wp-block-image size-medium\"><img loading=\"lazy\" decoding=\"async\" width=\"300\" height=\"146\" src=\"https:\/\/smyv.de\/wp-content\/uploads\/2023\/03\/Verein_01-300x146.jpg\" alt=\"\" class=\"wp-image-307\" srcset=\"https:\/\/smyv.de\/wp-content\/uploads\/2023\/03\/Verein_01-300x146.jpg 300w, https:\/\/smyv.de\/wp-content\/uploads\/2023\/03\/Verein_01-1024x498.jpg 1024w, https:\/\/smyv.de\/wp-content\/uploads\/2023\/03\/Verein_01-768x373.jpg 768w, https:\/\/smyv.de\/wp-content\/uploads\/2023\/03\/Verein_01-1536x747.jpg 1536w, https:\/\/smyv.de\/wp-content\/uploads\/2023\/03\/Verein_01-2048x996.jpg 2048w, https:\/\/smyv.de\/wp-content\/uploads\/2023\/03\/Verein_01-2000x972.jpg 2000w\" sizes=\"auto, (max-width: 300px) 100vw, 300px\" \/><\/figure>\n\n\n\n<p class=\"has-black-color has-text-color has-medium-font-size\" style=\"font-style:normal;font-weight:100\">B\u00f6blinger See<\/p>\n\n\n\n<p class=\"has-text-color\" style=\"color:#7a7a7a\"><\/p>\n<\/div>\n\n\n\n<div class=\"wp-block-column is-layout-flow wp-block-column-is-layout-flow\">\n<figure class=\"wp-block-image size-medium\"><img loading=\"lazy\" decoding=\"async\" width=\"300\" height=\"146\" src=\"https:\/\/smyv.de\/wp-content\/uploads\/2023\/03\/Verein_02.-300x146.jpg\" alt=\"\" class=\"wp-image-308\" srcset=\"https:\/\/smyv.de\/wp-content\/uploads\/2023\/03\/Verein_02.-300x146.jpg 300w, https:\/\/smyv.de\/wp-content\/uploads\/2023\/03\/Verein_02.-1024x498.jpg 1024w, https:\/\/smyv.de\/wp-content\/uploads\/2023\/03\/Verein_02.-768x373.jpg 768w, https:\/\/smyv.de\/wp-content\/uploads\/2023\/03\/Verein_02.-1536x747.jpg 1536w, https:\/\/smyv.de\/wp-content\/uploads\/2023\/03\/Verein_02.-2048x996.jpg 2048w, https:\/\/smyv.de\/wp-content\/uploads\/2023\/03\/Verein_02.-2000x972.jpg 2000w\" sizes=\"auto, (max-width: 300px) 100vw, 300px\" \/><\/figure>\n\n\n\n<p class=\"has-black-color has-text-color has-medium-font-size\" style=\"font-style:normal;font-weight:100\">Ausw\u00e4rtstraining<\/p>\n\n\n\n<p class=\"has-text-color\" style=\"color:#7a7a7a\"><\/p>\n<\/div>\n\n\n\n<div class=\"wp-block-column is-layout-flow wp-block-column-is-layout-flow\">\n<figure class=\"wp-block-image size-medium\"><img loading=\"lazy\" decoding=\"async\" width=\"300\" height=\"146\" src=\"https:\/\/smyv.de\/wp-content\/uploads\/2023\/03\/Verein_03-300x146.jpg\" alt=\"\" class=\"wp-image-309\" srcset=\"https:\/\/smyv.de\/wp-content\/uploads\/2023\/03\/Verein_03-300x146.jpg 300w, https:\/\/smyv.de\/wp-content\/uploads\/2023\/03\/Verein_03-1024x498.jpg 1024w, https:\/\/smyv.de\/wp-content\/uploads\/2023\/03\/Verein_03-768x373.jpg 768w, https:\/\/smyv.de\/wp-content\/uploads\/2023\/03\/Verein_03-1536x747.jpg 1536w, https:\/\/smyv.de\/wp-content\/uploads\/2023\/03\/Verein_03-2048x996.jpg 2048w, https:\/\/smyv.de\/wp-content\/uploads\/2023\/03\/Verein_03-2000x972.jpg 2000w\" sizes=\"auto, (max-width: 300px) 100vw, 300px\" \/><\/figure>\n\n\n\n<p class=\"has-black-color has-text-color has-medium-font-size\" style=\"font-style:normal;font-weight:100\">Regatten<\/p>\n\n\n\n<p class=\"has-text-color\" style=\"color:#7a7a7a\"><\/p>\n<\/div>\n<\/div>\n\n\n\n<hr class=\"wp-block-separator has-alpha-channel-opacity\"\/>\n\n\n\n<div style=\"height:100px\" aria-hidden=\"true\" class=\"wp-block-spacer\"><\/div>\n\n\n\n<div style=\"height:100px\" aria-hidden=\"true\" class=\"wp-block-spacer\"><\/div>\n\n\n\n<div style=\"height:100px\" aria-hidden=\"true\" class=\"wp-block-spacer\"><\/div>\n","protected":false},"excerpt":{"rendered":"<p>Liebe Wassersportfreunde. Hier finden Sie in K\u00fcrze Informationen zu unserem Verein. B\u00f6blinger See Ausw\u00e4rtstraining Regatten<\/p>\n","protected":false},"author":1,"featured_media":371,"parent":0,"menu_order":0,"comment_status":"closed","ping_status":"closed","template":"","meta":{"inspiro_hide_title":false,"footnotes":""},"class_list":["post-52","page","type-page","status-publish","has-post-thumbnail","hentry"],"jetpack_sharing_enabled":true,"_links":{"self":[{"href":"https:\/\/smyv.de\/index.php?rest_route=\/wp\/v2\/pages\/52","targetHints":{"allow":["GET"]}}],"collection":[{"href":"https:\/\/smyv.de\/index.php?rest_route=\/wp\/v2\/pages"}],"about":[{"href":"https:\/\/smyv.de\/index.php?rest_route=\/wp\/v2\/types\/page"}],"author":[{"embeddable":true,"href":"https:\/\/smyv.de\/index.php?rest_route=\/wp\/v2\/users\/1"}],"replies":[{"embeddable":true,"href":"https:\/\/smyv.de\/index.php?rest_route=%2Fwp%2Fv2%2Fcomments&post=52"}],"version-history":[{"count":1,"href":"https:\/\/smyv.de\/index.php?rest_route=\/wp\/v2\/pages\/52\/revisions"}],"predecessor-version":[{"id":1055,"href":"https:\/\/smyv.de\/index.php?rest_route=\/wp\/v2\/pages\/52\/revisions\/1055"}],"wp:featuredmedia":[{"embeddable":true,"href":"https:\/\/smyv.de\/index.php?rest_route=\/wp\/v2\/media\/371"}],"wp:attachment":[{"href":"https:\/\/smyv.de\/index.php?rest_route=%2Fwp%2Fv2%2Fmedia&parent=52"}],"curies":[{"name":"wp","href":"https:\/\/api.w.org\/{rel}","templated":true}]}}