{"id":510,"date":"2025-03-01T23:30:54","date_gmt":"2025-03-01T23:30:54","guid":{"rendered":"https:\/\/klaiber.bplaced.net\/?page_id=510"},"modified":"2026-03-22T00:24:51","modified_gmt":"2026-03-22T00:24:51","slug":"bootsschule","status":"publish","type":"page","link":"https:\/\/smyv.de\/?page_id=510","title":{"rendered":"Bootsschule"},"content":{"rendered":"\n<p>Als gemeinn\u00fctziger Verein bieten wir unseren Vereinsmitgliedern die M\u00f6glichkeit den Sportbootf\u00fchrerschein-See, -Binnen und das Bodenseeschifferpatent A + D (Segeln), zum Selbstkostenpreis an.<\/p>\n\n\n\n<p>Mehr Informationen immer Donnerstags ab 19:30 Uhr in unserem Vereinsheim &#8222;Kaj\u00fcte&#8220;.<\/p>\n\n\n\n<div style=\"height:28px\" aria-hidden=\"true\" class=\"wp-block-spacer\"><\/div>\n\n\n\n<div class=\"wp-block-buttons is-horizontal is-content-justification-center is-layout-flex wp-container-core-buttons-is-layout-03627597 wp-block-buttons-is-layout-flex\">\n<div class=\"wp-block-button is-style-outline is-style-outline--1\"><a class=\"wp-block-button__link has-tertiary-color has-text-color wp-element-button\" href=\"https:\/\/smyv.de\/?page_id=53\" style=\"border-width:1px\">Kontakt \/ Anfahrt<\/a><\/div>\n\n\n\n<div class=\"wp-block-button is-style-outline is-style-outline--2\"><a class=\"wp-block-button__link has-tertiary-color has-text-color wp-element-button\" href=\"https:\/\/smyv.de\/?page_id=662\" style=\"border-width:1px\">Mitglied werden<\/a><\/div>\n<\/div>\n\n\n\n<div style=\"height:28px\" aria-hidden=\"true\" class=\"wp-block-spacer\"><\/div>\n\n\n\n<p><\/p>\n","protected":false},"excerpt":{"rendered":"<p>Als gemeinn\u00fctziger Verein bieten wir unseren Vereinsmitgliedern die M\u00f6glichkeit den Sportbootf\u00fchrerschein-See, -Binnen und das Bodenseeschifferpatent A + D (Segeln), zum Selbstkostenpreis an. Mehr Informationen immer Donnerstags ab 19:30 Uhr in unserem Vereinsheim &#8222;Kaj\u00fcte&#8220;.<\/p>\n","protected":false},"author":1,"featured_media":747,"parent":0,"menu_order":0,"comment_status":"closed","ping_status":"closed","template":"","meta":{"inspiro_hide_title":false,"footnotes":""},"class_list":["post-510","page","type-page","status-publish","has-post-thumbnail","hentry"],"jetpack_sharing_enabled":true,"_links":{"self":[{"href":"https:\/\/smyv.de\/index.php?rest_route=\/wp\/v2\/pages\/510","targetHints":{"allow":["GET"]}}],"collection":[{"href":"https:\/\/smyv.de\/index.php?rest_route=\/wp\/v2\/pages"}],"about":[{"href":"https:\/\/smyv.de\/index.php?rest_route=\/wp\/v2\/types\/page"}],"author":[{"embeddable":true,"href":"https:\/\/smyv.de\/index.php?rest_route=\/wp\/v2\/users\/1"}],"replies":[{"embeddable":true,"href":"https:\/\/smyv.de\/index.php?rest_route=%2Fwp%2Fv2%2Fcomments&post=510"}],"version-history":[{"count":8,"href":"https:\/\/smyv.de\/index.php?rest_route=\/wp\/v2\/pages\/510\/revisions"}],"predecessor-version":[{"id":1017,"href":"https:\/\/smyv.de\/index.php?rest_route=\/wp\/v2\/pages\/510\/revisions\/1017"}],"wp:featuredmedia":[{"embeddable":true,"href":"https:\/\/smyv.de\/index.php?rest_route=\/wp\/v2\/media\/747"}],"wp:attachment":[{"href":"https:\/\/smyv.de\/index.php?rest_route=%2Fwp%2Fv2%2Fmedia&parent=510"}],"curies":[{"name":"wp","href":"https:\/\/api.w.org\/{rel}","templated":true}]}}