{"id":51,"date":"2023-03-09T22:09:16","date_gmt":"2023-03-09T22:09:16","guid":{"rendered":"https:\/\/klaiber.bplaced.net\/?page_id=51"},"modified":"2026-03-22T00:24:51","modified_gmt":"2026-03-22T00:24:51","slug":"beautiful-portfolios-for-exceptional-creatives","status":"publish","type":"page","link":"https:\/\/smyv.de\/","title":{"rendered":"Herzlich Willkommen auf der Website des Segel- und Motor- Yachtvereins B\u00f6blingen"},"content":{"rendered":"\n<div style=\"height:100px\" aria-hidden=\"true\" class=\"wp-block-spacer\"><\/div>\n\n\n\n<p>&#8222;Deutschlands kleinstes Segelrevier&#8220;, so wird der SMYV am Oberen See im malerischen B\u00f6blingen gerne &#8211; nennen wir es mal &#8222;liebevoll&#8220; &#8211; bezeichnet. Dabei wird oft vergessen, dass ein stilvolles Clubheim am Wasser der Treffpunkt derjenigen ist, die ihre Heimat im Raum B\u00f6blingen haben, aber mit ihren Jollen, Yachten oder Motorbooten auf vielen heimischen, europ\u00e4ischen, aber auch weltweiten Gew\u00e4ssern unterwegs sind.<\/p>\n\n\n\n<p>Bevorzugen die Segler in Heimatn\u00e4he haupts\u00e4chlich den Bodensee, die Motorbootler die malerische Landschaft um Vater Rhein oder den Neckar, so sind doch viele mit gecharterten Segel- oder Motoryachten auf entfernteren Binnengew\u00e4ssern, der Saar, der Mosel, der Nord- und Ostsee, dem Mittelmeer oder in der Karibik unterwegs.<\/p>\n\n\n\n<p>Aber man sollte &#8222;Deutschlands kleinstes Segelrevier&#8220; auch nicht untersch\u00e4tzen. Gerade f\u00fcr die ersten &#8222;Schritte&#8220; der Kinder auf dem Wasser ist er gro\u00df genug und kurze Distanzen zum festen Boden unter den F\u00fc\u00dfen bieten ein hohes Ma\u00df an Sicherheit<\/p>\n\n\n\n<p>Dazu werden zweimal im Jahr bei einer Regatta im Yardstick die Fr\u00fchjahrs- und den Herbstmeister in den Vereinsbooten auf dem Oberen See gek\u00fcrt, oder die wachsende Beliebtheit geniessende Regatta um den B\u00f6blinger Zinnteller traditionell an Christi Himmelfahrt ausgetragen. Bei dieser Opti-Regatta sind immer viele Kinder am Start und erleben -gemeinsam mit Eltern und Betreuern- spannende Wettfahrten.<\/p>\n\n\n\n<p>Wir laden Sie ein, einen Blick in unser Vereinsleben zu werfen, egal, ob Sie sich f\u00fcr die Jugend, die Segelabteilung, das Motorboot fahren interessieren oder einfach nur unser gem\u00fctliches Vereinsheim &#8222;Kaj\u00fcte&#8220; kennen lernen wollen.<\/p>\n\n\n\n<div style=\"height:55px\" aria-hidden=\"true\" class=\"wp-block-spacer\"><\/div>\n\n\n\n<div class=\"wp-block-group alignfull has-background is-layout-flow wp-block-group-is-layout-flow\" style=\"background-color:#e5e9ec\">\n<div class=\"wp-block-columns is-layout-flex wp-container-core-columns-is-layout-cb1f0f3f wp-block-columns-is-layout-flex\" style=\"padding-top:0;padding-right:0;padding-bottom:0;padding-left:0\">\n<div class=\"wp-block-column is-vertically-aligned-center is-layout-flow wp-block-column-is-layout-flow\">\n<h2 class=\"wp-block-heading has-large-font-size\" style=\"padding-right:var(--wp--preset--spacing--x-small);padding-left:var(--wp--preset--spacing--x-small);font-style:normal;font-weight:100\">Verein<\/h2>\n\n\n\n<p style=\"border-style:none;border-width:0px;margin-top:var(--wp--preset--spacing--x-small);margin-right:var(--wp--preset--spacing--x-small);margin-bottom:var(--wp--preset--spacing--x-small);margin-left:var(--wp--preset--spacing--x-small)\">Der Verein stellt sich vor.<\/p>\n\n\n\n<div class=\"wp-block-buttons is-horizontal is-content-justification-left is-layout-flex wp-container-core-buttons-is-layout-e2ec4e0b wp-block-buttons-is-layout-flex\" style=\"margin-top:0;margin-bottom:0;padding-right:var(--wp--preset--spacing--x-small);padding-left:var(--wp--preset--spacing--x-small)\">\n<div class=\"wp-block-button is-style-outline is-style-outline--1\"><a class=\"wp-block-button__link wp-element-button\" href=\"https:\/\/smyv.de\/?page_id=52\">Mehr Infos<\/a><\/div>\n<\/div>\n<\/div>\n\n\n\n<div class=\"wp-block-column is-layout-flow wp-block-column-is-layout-flow\">\n<div style=\"height:48px\" aria-hidden=\"true\" class=\"wp-block-spacer\"><\/div>\n\n\n\n<figure class=\"wp-block-image size-large\"><img loading=\"lazy\" decoding=\"async\" width=\"1024\" height=\"768\" src=\"https:\/\/smyv.de\/wp-content\/uploads\/2023\/03\/unser-Revier-1024x768.jpg\" alt=\"\" class=\"wp-image-242\" srcset=\"https:\/\/smyv.de\/wp-content\/uploads\/2023\/03\/unser-Revier-1024x768.jpg 1024w, https:\/\/smyv.de\/wp-content\/uploads\/2023\/03\/unser-Revier-300x225.jpg 300w, https:\/\/smyv.de\/wp-content\/uploads\/2023\/03\/unser-Revier-768x576.jpg 768w, https:\/\/smyv.de\/wp-content\/uploads\/2023\/03\/unser-Revier-1536x1152.jpg 1536w, https:\/\/smyv.de\/wp-content\/uploads\/2023\/03\/unser-Revier-2048x1536.jpg 2048w, https:\/\/smyv.de\/wp-content\/uploads\/2023\/03\/unser-Revier-2000x1500.jpg 2000w\" sizes=\"auto, (max-width: 1024px) 100vw, 1024px\" \/><\/figure>\n<\/div>\n<\/div>\n<\/div>\n\n\n\n<div class=\"wp-block-group alignfull is-layout-flow wp-block-group-is-layout-flow\">\n<div class=\"wp-block-columns are-vertically-aligned-center is-layout-flex wp-container-core-columns-is-layout-f69f9327 wp-block-columns-is-layout-flex\" style=\"margin-top:0;margin-bottom:0;padding-right:0;padding-left:0\">\n<div class=\"wp-block-column is-vertically-aligned-center is-layout-flow wp-block-column-is-layout-flow\">\n<div style=\"height:48px\" aria-hidden=\"true\" class=\"wp-block-spacer\"><\/div>\n\n\n\n<figure class=\"wp-block-image size-large\"><img loading=\"lazy\" decoding=\"async\" width=\"1024\" height=\"768\" src=\"https:\/\/smyv.de\/wp-content\/uploads\/2025\/04\/20210924_183847-1024x768.jpg\" alt=\"\" class=\"wp-image-723\" srcset=\"https:\/\/smyv.de\/wp-content\/uploads\/2025\/04\/20210924_183847-1024x768.jpg 1024w, https:\/\/smyv.de\/wp-content\/uploads\/2025\/04\/20210924_183847-300x225.jpg 300w, https:\/\/smyv.de\/wp-content\/uploads\/2025\/04\/20210924_183847-2000x1500.jpg 2000w\" sizes=\"auto, (max-width: 1024px) 100vw, 1024px\" \/><\/figure>\n<\/div>\n\n\n\n<div class=\"wp-block-column is-vertically-aligned-center is-layout-flow wp-container-core-column-is-layout-0a386c5a wp-block-column-is-layout-flow\">\n<h2 class=\"wp-block-heading has-large-font-size\" style=\"margin-right:var(--wp--preset--spacing--x-small);margin-left:var(--wp--preset--spacing--x-small);font-style:normal;font-weight:100\">News<\/h2>\n\n\n\n<p style=\"margin-right:var(--wp--preset--spacing--x-small);margin-left:var(--wp--preset--spacing--x-small)\">Hier erscheinen die aktuellsten Beitr\u00e4ge.<\/p>\n\n\n\n<div class=\"wp-block-buttons is-layout-flex wp-block-buttons-is-layout-flex\" style=\"margin-top:var(--wp--preset--spacing--x-small);margin-bottom:var(--wp--preset--spacing--x-small);padding-right:var(--wp--preset--spacing--x-small);padding-left:var(--wp--preset--spacing--x-small)\">\n<div class=\"wp-block-button is-style-outline is-style-outline--2\"><a class=\"wp-block-button__link wp-element-button\" href=\"https:\/\/smyv.de\/?page_id=143\" style=\"padding-right:var(--wp--preset--spacing--x-small);padding-left:var(--wp--preset--spacing--x-small)\">Mehr Infos<\/a><\/div>\n<\/div>\n<\/div>\n<\/div>\n<\/div>\n\n\n\n<div class=\"wp-block-group alignfull has-background is-layout-flow wp-block-group-is-layout-flow\" style=\"background-color:#e5e9ec\">\n<div class=\"wp-block-columns is-layout-flex wp-container-core-columns-is-layout-4b84a608 wp-block-columns-is-layout-flex\">\n<div class=\"wp-block-column is-vertically-aligned-center is-layout-flow wp-container-core-column-is-layout-89d52262 wp-block-column-is-layout-flow\" style=\"padding-right:var(--wp--preset--spacing--x-small);padding-left:var(--wp--preset--spacing--x-small)\">\n<h2 class=\"wp-block-heading has-large-font-size\" style=\"font-style:normal;font-weight:100\">Jugend<\/h2>\n\n\n\n<p>Wer segeln lernen m\u00f6chte, ist hier genau richtig!<\/p>\n\n\n\n<div class=\"wp-block-buttons is-horizontal is-content-justification-left is-layout-flex wp-container-core-buttons-is-layout-20be11b6 wp-block-buttons-is-layout-flex\">\n<div class=\"wp-block-button is-style-outline is-style-outline--3\"><a class=\"wp-block-button__link wp-element-button\" href=\"https:\/\/smyv.de\/?page_id=326\">Mehr Infos<\/a><\/div>\n<\/div>\n\n\n\n<p><\/p>\n<\/div>\n\n\n\n<div class=\"wp-block-column is-layout-flow wp-block-column-is-layout-flow\">\n<div style=\"height:48px\" aria-hidden=\"true\" class=\"wp-block-spacer\"><\/div>\n\n\n\n<figure class=\"wp-block-image size-large\"><img loading=\"lazy\" decoding=\"async\" width=\"1024\" height=\"576\" src=\"https:\/\/smyv.de\/wp-content\/uploads\/2023\/03\/29209364-szene-aus-der-ersten-wettfahrt-der-opti-segler-beim-seeshaupter-opti-preis-2022-2iAv8kq05Lea-1024x576.jpg\" alt=\"\" class=\"wp-image-247\" srcset=\"https:\/\/smyv.de\/wp-content\/uploads\/2023\/03\/29209364-szene-aus-der-ersten-wettfahrt-der-opti-segler-beim-seeshaupter-opti-preis-2022-2iAv8kq05Lea-1024x576.jpg 1024w, https:\/\/smyv.de\/wp-content\/uploads\/2023\/03\/29209364-szene-aus-der-ersten-wettfahrt-der-opti-segler-beim-seeshaupter-opti-preis-2022-2iAv8kq05Lea-300x169.jpg 300w, https:\/\/smyv.de\/wp-content\/uploads\/2023\/03\/29209364-szene-aus-der-ersten-wettfahrt-der-opti-segler-beim-seeshaupter-opti-preis-2022-2iAv8kq05Lea-768x432.jpg 768w, https:\/\/smyv.de\/wp-content\/uploads\/2023\/03\/29209364-szene-aus-der-ersten-wettfahrt-der-opti-segler-beim-seeshaupter-opti-preis-2022-2iAv8kq05Lea-1536x864.jpg 1536w, https:\/\/smyv.de\/wp-content\/uploads\/2023\/03\/29209364-szene-aus-der-ersten-wettfahrt-der-opti-segler-beim-seeshaupter-opti-preis-2022-2iAv8kq05Lea-2048x1152.jpg 2048w, https:\/\/smyv.de\/wp-content\/uploads\/2023\/03\/29209364-szene-aus-der-ersten-wettfahrt-der-opti-segler-beim-seeshaupter-opti-preis-2022-2iAv8kq05Lea-2000x1125.jpg 2000w, https:\/\/smyv.de\/wp-content\/uploads\/2023\/03\/29209364-szene-aus-der-ersten-wettfahrt-der-opti-segler-beim-seeshaupter-opti-preis-2022-2iAv8kq05Lea-600x338.jpg 600w, https:\/\/smyv.de\/wp-content\/uploads\/2023\/03\/29209364-szene-aus-der-ersten-wettfahrt-der-opti-segler-beim-seeshaupter-opti-preis-2022-2iAv8kq05Lea-1200x675.jpg 1200w\" sizes=\"auto, (max-width: 1024px) 100vw, 1024px\" \/><\/figure>\n<\/div>\n<\/div>\n<\/div>\n\n\n\n<div class=\"wp-block-group alignfull has-cyan-bluish-gray-background-color has-background is-layout-flow wp-block-group-is-layout-flow\">\n<h2 class=\"wp-block-heading has-text-align-center has-white-color has-text-color\" style=\"font-style:normal;font-weight:100\"><strong>Impressionen<\/strong><\/h2>\n\n\n\n<figure class=\"wp-block-gallery aligncenter has-nested-images columns-default is-cropped wp-block-gallery-4 is-layout-flex wp-block-gallery-is-layout-flex\">\n<figure class=\"wp-block-image size-large\"><a href=\"https:\/\/smyv.de\/wp-content\/uploads\/2025\/04\/IMG_0229.jpeg\"><img loading=\"lazy\" decoding=\"async\" width=\"1024\" height=\"768\" data-id=\"732\" src=\"https:\/\/smyv.de\/wp-content\/uploads\/2025\/04\/IMG_0229-1024x768.jpeg\" alt=\"\" class=\"wp-image-732\" srcset=\"https:\/\/smyv.de\/wp-content\/uploads\/2025\/04\/IMG_0229-1024x768.jpeg 1024w, https:\/\/smyv.de\/wp-content\/uploads\/2025\/04\/IMG_0229-300x225.jpeg 300w, https:\/\/smyv.de\/wp-content\/uploads\/2025\/04\/IMG_0229-2000x1500.jpeg 2000w, https:\/\/smyv.de\/wp-content\/uploads\/2025\/04\/IMG_0229-1536x1152.jpeg 1536w, https:\/\/smyv.de\/wp-content\/uploads\/2025\/04\/IMG_0229.jpeg 2048w\" sizes=\"auto, (max-width: 1024px) 100vw, 1024px\" \/><\/a><\/figure>\n\n\n\n<figure class=\"wp-block-image size-large\"><a href=\"https:\/\/smyv.de\/wp-content\/uploads\/2025\/04\/IMG_0173.jpeg\"><img loading=\"lazy\" decoding=\"async\" width=\"1024\" height=\"768\" data-id=\"731\" src=\"https:\/\/smyv.de\/wp-content\/uploads\/2025\/04\/IMG_0173-1024x768.jpeg\" alt=\"\" class=\"wp-image-731\" srcset=\"https:\/\/smyv.de\/wp-content\/uploads\/2025\/04\/IMG_0173-1024x768.jpeg 1024w, https:\/\/smyv.de\/wp-content\/uploads\/2025\/04\/IMG_0173-300x225.jpeg 300w, https:\/\/smyv.de\/wp-content\/uploads\/2025\/04\/IMG_0173-2000x1500.jpeg 2000w, https:\/\/smyv.de\/wp-content\/uploads\/2025\/04\/IMG_0173.jpeg 2048w\" sizes=\"auto, (max-width: 1024px) 100vw, 1024px\" \/><\/a><\/figure>\n\n\n\n<figure class=\"wp-block-image size-large\"><a href=\"https:\/\/smyv.de\/wp-content\/uploads\/2025\/04\/20221103_103143-scaled.jpg\"><img loading=\"lazy\" decoding=\"async\" width=\"1024\" height=\"576\" data-id=\"727\" src=\"https:\/\/smyv.de\/wp-content\/uploads\/2025\/04\/20221103_103143-1024x576.jpg\" alt=\"\" class=\"wp-image-727\" srcset=\"https:\/\/smyv.de\/wp-content\/uploads\/2025\/04\/20221103_103143-1024x576.jpg 1024w, https:\/\/smyv.de\/wp-content\/uploads\/2025\/04\/20221103_103143-300x169.jpg 300w, https:\/\/smyv.de\/wp-content\/uploads\/2025\/04\/20221103_103143-2000x1125.jpg 2000w\" sizes=\"auto, (max-width: 1024px) 100vw, 1024px\" \/><\/a><\/figure>\n\n\n\n<figure class=\"wp-block-image size-large\"><a href=\"https:\/\/smyv.de\/wp-content\/uploads\/2025\/04\/20220521_121844-scaled.jpg\"><img loading=\"lazy\" decoding=\"async\" width=\"1024\" height=\"576\" data-id=\"725\" src=\"https:\/\/smyv.de\/wp-content\/uploads\/2025\/04\/20220521_121844-1024x576.jpg\" alt=\"\" class=\"wp-image-725\" srcset=\"https:\/\/smyv.de\/wp-content\/uploads\/2025\/04\/20220521_121844-1024x576.jpg 1024w, https:\/\/smyv.de\/wp-content\/uploads\/2025\/04\/20220521_121844-300x169.jpg 300w, https:\/\/smyv.de\/wp-content\/uploads\/2025\/04\/20220521_121844-2000x1125.jpg 2000w\" sizes=\"auto, (max-width: 1024px) 100vw, 1024px\" \/><\/a><\/figure>\n\n\n\n<figure class=\"wp-block-image size-large\"><a href=\"https:\/\/smyv.de\/wp-content\/uploads\/2025\/04\/20221016_134532-scaled.jpg\"><img loading=\"lazy\" decoding=\"async\" width=\"1024\" height=\"576\" data-id=\"726\" src=\"https:\/\/smyv.de\/wp-content\/uploads\/2025\/04\/20221016_134532-1024x576.jpg\" alt=\"\" class=\"wp-image-726\" srcset=\"https:\/\/smyv.de\/wp-content\/uploads\/2025\/04\/20221016_134532-1024x576.jpg 1024w, https:\/\/smyv.de\/wp-content\/uploads\/2025\/04\/20221016_134532-300x169.jpg 300w, https:\/\/smyv.de\/wp-content\/uploads\/2025\/04\/20221016_134532-2000x1125.jpg 2000w\" sizes=\"auto, (max-width: 1024px) 100vw, 1024px\" \/><\/a><\/figure>\n\n\n\n<figure class=\"wp-block-image size-large\"><a href=\"https:\/\/smyv.de\/wp-content\/uploads\/2025\/04\/20221104_130806-scaled.jpg\"><img loading=\"lazy\" decoding=\"async\" width=\"1024\" height=\"576\" data-id=\"728\" src=\"https:\/\/smyv.de\/wp-content\/uploads\/2025\/04\/20221104_130806-1024x576.jpg\" alt=\"\" class=\"wp-image-728\" srcset=\"https:\/\/smyv.de\/wp-content\/uploads\/2025\/04\/20221104_130806-1024x576.jpg 1024w, https:\/\/smyv.de\/wp-content\/uploads\/2025\/04\/20221104_130806-300x169.jpg 300w, https:\/\/smyv.de\/wp-content\/uploads\/2025\/04\/20221104_130806-2000x1125.jpg 2000w\" sizes=\"auto, (max-width: 1024px) 100vw, 1024px\" \/><\/a><\/figure>\n<\/figure>\n<\/div>\n\n\n\n<div class=\"wp-block-cover alignfull has-parallax is-position-center-center\" style=\"min-height:375px;aspect-ratio:unset;\"><span aria-hidden=\"true\" class=\"wp-block-cover__background has-black-background-color has-background-dim-40 has-background-dim\"><\/span><div class=\"wp-block-cover__image-background wp-image-374 has-parallax\" style=\"background-position:50% 50%;background-image:url(https:\/\/smyv.de\/wp-content\/uploads\/2024\/09\/PHOTO-2024-09-24-18-57-553-scaled.jpg)\"><\/div><div class=\"wp-block-cover__inner-container is-layout-flow wp-block-cover-is-layout-flow\">\n<p class=\"has-text-align-center has-text-color has-huge-font-size\" style=\"color:#fffffa;line-height:1.1\"><strong>Interesse am Segeln?<\/strong><\/p>\n\n\n\n<div style=\"height:39px\" aria-hidden=\"true\" class=\"wp-block-spacer\"><\/div>\n\n\n\n<div class=\"wp-block-buttons is-horizontal is-content-justification-center is-layout-flex wp-container-core-buttons-is-layout-03627597 wp-block-buttons-is-layout-flex\">\n<div class=\"wp-block-button is-style-outline is-style-outline--5\"><a class=\"wp-block-button__link has-white-color has-text-color wp-element-button\" href=\"https:\/\/smyv.de\/?page_id=53\">Kontaktieren Sie uns<\/a><\/div>\n<\/div>\n<\/div><\/div>\n","protected":false},"excerpt":{"rendered":"<p>&#8222;Deutschlands kleinstes Segelrevier&#8220;, so wird der SMYV am Oberen See im malerischen B\u00f6blingen gerne &#8211; nennen wir es mal &#8222;liebevoll&#8220; &#8211; bezeichnet. Dabei wird oft vergessen, dass ein stilvolles Clubheim am Wasser der Treffpunkt derjenigen ist, die ihre Heimat im Raum B\u00f6blingen haben, aber mit ihren Jollen, Yachten oder Motorbooten auf vielen heimischen, europ\u00e4ischen, aber &hellip; <\/p>\n<p class=\"link-more\"><a href=\"https:\/\/smyv.de\/\" class=\"more-link\">Mehr <span class=\"screen-reader-text\">\u00fcber &#8222;Herzlich Willkommen auf der Website des Segel- und Motor- Yachtvereins B\u00f6blingen&#8220; <\/span>Lesen<\/a><\/p>\n","protected":false},"author":1,"featured_media":370,"parent":0,"menu_order":0,"comment_status":"closed","ping_status":"closed","template":"","meta":{"inspiro_hide_title":false,"footnotes":""},"class_list":["post-51","page","type-page","status-publish","has-post-thumbnail","hentry"],"jetpack_sharing_enabled":true,"_links":{"self":[{"href":"https:\/\/smyv.de\/index.php?rest_route=\/wp\/v2\/pages\/51","targetHints":{"allow":["GET"]}}],"collection":[{"href":"https:\/\/smyv.de\/index.php?rest_route=\/wp\/v2\/pages"}],"about":[{"href":"https:\/\/smyv.de\/index.php?rest_route=\/wp\/v2\/types\/page"}],"author":[{"embeddable":true,"href":"https:\/\/smyv.de\/index.php?rest_route=\/wp\/v2\/users\/1"}],"replies":[{"embeddable":true,"href":"https:\/\/smyv.de\/index.php?rest_route=%2Fwp%2Fv2%2Fcomments&post=51"}],"version-history":[{"count":1,"href":"https:\/\/smyv.de\/index.php?rest_route=\/wp\/v2\/pages\/51\/revisions"}],"predecessor-version":[{"id":1045,"href":"https:\/\/smyv.de\/index.php?rest_route=\/wp\/v2\/pages\/51\/revisions\/1045"}],"wp:featuredmedia":[{"embeddable":true,"href":"https:\/\/smyv.de\/index.php?rest_route=\/wp\/v2\/media\/370"}],"wp:attachment":[{"href":"https:\/\/smyv.de\/index.php?rest_route=%2Fwp%2Fv2%2Fmedia&parent=51"}],"curies":[{"name":"wp","href":"https:\/\/api.w.org\/{rel}","templated":true}]}}