{"id":329,"date":"2023-03-21T20:36:53","date_gmt":"2023-03-21T20:36:53","guid":{"rendered":"https:\/\/klaiber.bplaced.net\/?page_id=329"},"modified":"2026-03-22T00:24:51","modified_gmt":"2026-03-22T00:24:51","slug":"impressum","status":"publish","type":"page","link":"https:\/\/smyv.de\/?page_id=329","title":{"rendered":"Impressum"},"content":{"rendered":"\n<p>Rechtlicher Hinweis nach \u00a7 5 TMG (Telemediengesetz)<br>\u00a9 Copyright aller Seiten bei:<br>Segel- und Motoryachtverein B\u00f6blingen e.V.<br>M\u00f6nchweg 6<br>71032 B\u00f6blingen<br>Tel. +49 1575 3996592<br>Mail: verein@smyv.de<br>Internet: www.smyv.de<\/p>\n\n\n\n<h2 class=\"wp-block-heading\"><strong>Haftungsausschluss<\/strong><\/h2>\n\n\n\n<h2 class=\"wp-block-heading\"><strong>Haftung f\u00fcr Inhalte<\/strong><\/h2>\n\n\n\n<p>Die Inhalte unserer Seiten wurden mit gr\u00f6\u00dfter Sorgfalt erstellt. F\u00fcr die Richtigkeit,<br>Vollst\u00e4ndigkeit und Aktualit\u00e4t der Inhalte k\u00f6nnen wir jedoch keine Gew\u00e4hr \u00fcbernehmen. Als<br>Diensteanbieter sind wir gem\u00e4\u00df \u00a7 7 Abs.1 TMG f\u00fcr eigene Inhalte auf diesen Seiten nach den<br>allgemeinen Gesetzen verantwortlich. Nach \u00a7\u00a7 8 bis 10 TMG sind wir als Diensteanbieter<br>jedoch nicht verpflichtet, \u00fcbermittelte oder gespeicherte fremde Informationen zu \u00fcberwachen<br>oder nach Umst\u00e4nden zu forschen, die auf eine rechtswidrige T\u00e4tigkeit hinweisen.<br>Verpflichtungen zur Entfernung oder Sperrung der Nutzung von Informationen nach den<br>allgemeinen Gesetzen bleiben hiervon unber\u00fchrt. Eine diesbez\u00fcgliche Haftung ist jedoch erst<br>ab dem Zeitpunkt der Kenntnis einer konkreten Rechtsverletzung m\u00f6glich. Bei<br>Bekanntwerden von entsprechenden Rechtsverletzungen werden wir diese Inhalte umgehend<br>entfernen.<\/p>\n\n\n\n<h2 class=\"wp-block-heading\"><strong>Haftung f\u00fcr Links<\/strong><\/h2>\n\n\n\n<p>Unser Angebot enth\u00e4lt Links zu externen Webseiten Dritter, auf deren Inhalte wir keinen<br>Einfluss haben. Deshalb k\u00f6nnen wir f\u00fcr diese fremden Inhalte auch keine Gew\u00e4hr<br>\u00fcbernehmen. F\u00fcr die Inhalte der verlinkten Seiten ist stets der jeweilige Anbieter oder<br>Betreiber der Seiten verantwortlich. Die verlinkten Seiten wurden zum Zeitpunkt der<br>Verlinkung auf m\u00f6gliche Rechtsverst\u00f6\u00dfe \u00fcberpr\u00fcft. Rechtswidrige Inhalte waren zum<br>Zeitpunkt der Verlinkung nicht erkennbar. Eine permanente inhaltliche Kontrolle der<br>verlinkten Seiten ist jedoch ohne konkrete Anhaltspunkte einer Rechtsverletzung nicht<br>zumutbar. Bei Bekanntwerden von Rechtsverletzungen werden wir derartige Links umgehend<br>entfernen.<\/p>\n\n\n\n<h2 class=\"wp-block-heading\"><br><strong>Urheberrecht<\/strong><\/h2>\n\n\n\n<p>Die durch die Seitenbetreiber erstellten Inhalte und Werke auf diesen Seiten unterliegen dem<br>deutschen Urheberrecht. Die Vervielf\u00e4ltigung, Bearbeitung, Verbreitung und jede Art der<br>Verwertung au\u00dferhalb der Grenzen des Urheberrechtes bed\u00fcrfen der schriftlichen<br>Zustimmung des jeweiligen Autors bzw. Erstellers. Downloads und Kopien dieser Seite sind<br>nur f\u00fcr den privaten, nicht kommerziellen Gebrauch gestattet. Soweit die Inhalte auf dieser<br>Seite nicht vom Betreiber erstellt wurden, werden die Urheberrechte Dritter beachtet.<br>Insbesondere werden Inhalte Dritter als solche gekennzeichnet. Sollten Sie trotzdem auf eine<br>Urheberrechtsverletzung aufmerksam werden, bitten wir um einen entsprechenden Hinweis.<br>Bei Bekanntwerden von Rechtsverletzungen werden wir derartige Inhalte umgehend<br>entfernen<\/p>\n","protected":false},"excerpt":{"rendered":"<p>Rechtlicher Hinweis nach \u00a7 5 TMG (Telemediengesetz)\u00a9 Copyright aller Seiten bei:Segel- und Motoryachtverein B\u00f6blingen e.V.M\u00f6nchweg 671032 B\u00f6blingenTel. +49 1575 3996592Mail: verein@smyv.deInternet: www.smyv.de Haftungsausschluss Haftung f\u00fcr Inhalte Die Inhalte unserer Seiten wurden mit gr\u00f6\u00dfter Sorgfalt erstellt. F\u00fcr die Richtigkeit,Vollst\u00e4ndigkeit und Aktualit\u00e4t der Inhalte k\u00f6nnen wir jedoch keine Gew\u00e4hr \u00fcbernehmen. AlsDiensteanbieter sind wir gem\u00e4\u00df \u00a7 7 Abs.1 &hellip; <\/p>\n<p class=\"link-more\"><a href=\"https:\/\/smyv.de\/?page_id=329\" class=\"more-link\">Mehr <span class=\"screen-reader-text\">\u00fcber &#8222;Impressum&#8220; <\/span>Lesen<\/a><\/p>\n","protected":false},"author":1,"featured_media":221,"parent":0,"menu_order":0,"comment_status":"closed","ping_status":"closed","template":"","meta":{"inspiro_hide_title":false,"footnotes":""},"class_list":["post-329","page","type-page","status-publish","has-post-thumbnail","hentry"],"jetpack_sharing_enabled":true,"_links":{"self":[{"href":"https:\/\/smyv.de\/index.php?rest_route=\/wp\/v2\/pages\/329","targetHints":{"allow":["GET"]}}],"collection":[{"href":"https:\/\/smyv.de\/index.php?rest_route=\/wp\/v2\/pages"}],"about":[{"href":"https:\/\/smyv.de\/index.php?rest_route=\/wp\/v2\/types\/page"}],"author":[{"embeddable":true,"href":"https:\/\/smyv.de\/index.php?rest_route=\/wp\/v2\/users\/1"}],"replies":[{"embeddable":true,"href":"https:\/\/smyv.de\/index.php?rest_route=%2Fwp%2Fv2%2Fcomments&post=329"}],"version-history":[{"count":1,"href":"https:\/\/smyv.de\/index.php?rest_route=\/wp\/v2\/pages\/329\/revisions"}],"predecessor-version":[{"id":1046,"href":"https:\/\/smyv.de\/index.php?rest_route=\/wp\/v2\/pages\/329\/revisions\/1046"}],"wp:featuredmedia":[{"embeddable":true,"href":"https:\/\/smyv.de\/index.php?rest_route=\/wp\/v2\/media\/221"}],"wp:attachment":[{"href":"https:\/\/smyv.de\/index.php?rest_route=%2Fwp%2Fv2%2Fmedia&parent=329"}],"curies":[{"name":"wp","href":"https:\/\/api.w.org\/{rel}","templated":true}]}}