{"id":326,"date":"2023-03-21T20:22:35","date_gmt":"2023-03-21T20:22:35","guid":{"rendered":"https:\/\/klaiber.bplaced.net\/?page_id=326"},"modified":"2026-03-22T00:24:51","modified_gmt":"2026-03-22T00:24:51","slug":"jugend","status":"publish","type":"page","link":"https:\/\/smyv.de\/?page_id=326","title":{"rendered":"Jugend"},"content":{"rendered":"\n<h2 class=\"wp-block-heading has-large-font-size\" style=\"font-style:normal;font-weight:100\">Training<\/h2>\n\n\n\n<p>Wir trainieren in B\u00f6blingen auf dem Oberen See:<\/p>\n\n\n\n<ul class=\"wp-block-list\">\n<li>Donnerstags treffen sich die Opti- und 420er-Kinder\/Jugendliche<\/li>\n<\/ul>\n\n\n\n<p>Treffpunkt ist jeweils um 17:00 Uhr bei unserem gem\u00fctlichen Clubheim im Bootshaus. Dort sitzen wir anschlie\u00dfend meist noch eine Weile zusammen, zum Abendessen, Informationsaustausch oder einfach nur zum Kl\u00f6nen.<\/p>\n\n\n\n<p>W\u00e4hrend der kalten Jahreszeit treffen wir uns zur gleichen Zeit am Bootshaus am B\u00f6blinger See um unterschiedlichste Dinge wie z.B. Fackellauf, Wintergrillen, Basteln und nat\u00fcrlich Theorietraining durchzuf\u00fchren, auch Sport in der Turnhalle wird w\u00e4hrend dieser Zeit gerne genutzt<\/p>\n\n\n\n<p>Schaut doch einfach mal unverbindlich vorbei um uns und das Training &#8222;live&#8220; zu erleben.<\/p>\n\n\n\n<figure class=\"wp-block-gallery has-nested-images columns-default is-cropped wp-block-gallery-1 is-layout-flex wp-block-gallery-is-layout-flex\">\n<figure class=\"wp-block-image size-medium\"><a href=\"https:\/\/smyv.de\/wp-content\/uploads\/2025\/04\/420er_Garda-24-edited.jpg\"><img loading=\"lazy\" decoding=\"async\" width=\"300\" height=\"200\" data-id=\"760\" src=\"https:\/\/smyv.de\/wp-content\/uploads\/2025\/04\/420er_Garda-24-edited-300x200.jpg\" alt=\"\" class=\"wp-image-760\" srcset=\"https:\/\/smyv.de\/wp-content\/uploads\/2025\/04\/420er_Garda-24-edited-300x200.jpg 300w, https:\/\/smyv.de\/wp-content\/uploads\/2025\/04\/420er_Garda-24-edited-1024x683.jpg 1024w, https:\/\/smyv.de\/wp-content\/uploads\/2025\/04\/420er_Garda-24-edited.jpg 1200w\" sizes=\"auto, (max-width: 300px) 100vw, 300px\" \/><\/a><\/figure>\n\n\n\n<figure class=\"wp-block-image size-medium\"><a href=\"https:\/\/smyv.de\/wp-content\/uploads\/2025\/04\/vlcsnap-2025-04-14-03h15m25s737.png\"><img loading=\"lazy\" decoding=\"async\" width=\"300\" height=\"169\" data-id=\"735\" src=\"https:\/\/smyv.de\/wp-content\/uploads\/2025\/04\/vlcsnap-2025-04-14-03h15m25s737-300x169.png\" alt=\"\" class=\"wp-image-735\" srcset=\"https:\/\/smyv.de\/wp-content\/uploads\/2025\/04\/vlcsnap-2025-04-14-03h15m25s737-300x169.png 300w, https:\/\/smyv.de\/wp-content\/uploads\/2025\/04\/vlcsnap-2025-04-14-03h15m25s737-1024x576.png 1024w, https:\/\/smyv.de\/wp-content\/uploads\/2025\/04\/vlcsnap-2025-04-14-03h15m25s737-2000x1124.png 2000w\" sizes=\"auto, (max-width: 300px) 100vw, 300px\" \/><\/a><\/figure>\n\n\n\n<figure class=\"wp-block-image size-large\"><a href=\"https:\/\/smyv.de\/wp-content\/uploads\/2023\/03\/Verein_01-scaled.jpg\"><img loading=\"lazy\" decoding=\"async\" width=\"1024\" height=\"498\" data-id=\"307\" src=\"https:\/\/smyv.de\/wp-content\/uploads\/2023\/03\/Verein_01-1024x498.jpg\" alt=\"\" class=\"wp-image-307\" srcset=\"https:\/\/smyv.de\/wp-content\/uploads\/2023\/03\/Verein_01-1024x498.jpg 1024w, https:\/\/smyv.de\/wp-content\/uploads\/2023\/03\/Verein_01-300x146.jpg 300w, https:\/\/smyv.de\/wp-content\/uploads\/2023\/03\/Verein_01-768x373.jpg 768w, https:\/\/smyv.de\/wp-content\/uploads\/2023\/03\/Verein_01-1536x747.jpg 1536w, https:\/\/smyv.de\/wp-content\/uploads\/2023\/03\/Verein_01-2048x996.jpg 2048w, https:\/\/smyv.de\/wp-content\/uploads\/2023\/03\/Verein_01-2000x972.jpg 2000w\" sizes=\"auto, (max-width: 1024px) 100vw, 1024px\" \/><\/a><\/figure>\n<\/figure>\n\n\n\n<div style=\"height:100px\" aria-hidden=\"true\" class=\"wp-block-spacer\"><\/div>\n\n\n\n<h2 class=\"wp-block-heading has-large-font-size\" style=\"font-style:normal;font-weight:100\">Regatta<\/h2>\n\n\n\n<p>Hier finden Sie in K\u00fcrze Informationen zum Regattasegeln.<\/p>\n\n\n\n<div style=\"height:100px\" aria-hidden=\"true\" class=\"wp-block-spacer\"><\/div>\n\n\n\n<h2 class=\"wp-block-heading has-large-font-size\" style=\"font-style:normal;font-weight:100\">420er Training<\/h2>\n\n\n\n<figure class=\"wp-block-video\"><video controls poster=\"https:\/\/smyv.de\/wp-content\/uploads\/2025\/04\/vlcsnap-2025-04-14-02h42m36s368.png\" src=\"https:\/\/smyv.de\/wp-content\/uploads\/2025\/04\/420er_Training_am_Bodensee_1.mp4\"><\/video><\/figure>\n","protected":false},"excerpt":{"rendered":"<p>Training Wir trainieren in B\u00f6blingen auf dem Oberen See: Treffpunkt ist jeweils um 17:00 Uhr bei unserem gem\u00fctlichen Clubheim im Bootshaus. Dort sitzen wir anschlie\u00dfend meist noch eine Weile zusammen, zum Abendessen, Informationsaustausch oder einfach nur zum Kl\u00f6nen. W\u00e4hrend der kalten Jahreszeit treffen wir uns zur gleichen Zeit am Bootshaus am B\u00f6blinger See um unterschiedlichste &hellip; <\/p>\n<p class=\"link-more\"><a href=\"https:\/\/smyv.de\/?page_id=326\" class=\"more-link\">Mehr <span class=\"screen-reader-text\">\u00fcber &#8222;Jugend&#8220; <\/span>Lesen<\/a><\/p>\n","protected":false},"author":1,"featured_media":732,"parent":0,"menu_order":0,"comment_status":"closed","ping_status":"closed","template":"","meta":{"inspiro_hide_title":false,"footnotes":""},"class_list":["post-326","page","type-page","status-publish","has-post-thumbnail","hentry"],"jetpack_sharing_enabled":true,"_links":{"self":[{"href":"https:\/\/smyv.de\/index.php?rest_route=\/wp\/v2\/pages\/326","targetHints":{"allow":["GET"]}}],"collection":[{"href":"https:\/\/smyv.de\/index.php?rest_route=\/wp\/v2\/pages"}],"about":[{"href":"https:\/\/smyv.de\/index.php?rest_route=\/wp\/v2\/types\/page"}],"author":[{"embeddable":true,"href":"https:\/\/smyv.de\/index.php?rest_route=\/wp\/v2\/users\/1"}],"replies":[{"embeddable":true,"href":"https:\/\/smyv.de\/index.php?rest_route=%2Fwp%2Fv2%2Fcomments&post=326"}],"version-history":[{"count":3,"href":"https:\/\/smyv.de\/index.php?rest_route=\/wp\/v2\/pages\/326\/revisions"}],"predecessor-version":[{"id":876,"href":"https:\/\/smyv.de\/index.php?rest_route=\/wp\/v2\/pages\/326\/revisions\/876"}],"wp:featuredmedia":[{"embeddable":true,"href":"https:\/\/smyv.de\/index.php?rest_route=\/wp\/v2\/media\/732"}],"wp:attachment":[{"href":"https:\/\/smyv.de\/index.php?rest_route=%2Fwp%2Fv2%2Fmedia&parent=326"}],"curies":[{"name":"wp","href":"https:\/\/api.w.org\/{rel}","templated":true}]}}