{"id":143,"date":"2023-03-17T20:54:55","date_gmt":"2023-03-17T20:54:55","guid":{"rendered":"https:\/\/klaiber.bplaced.net\/?page_id=143"},"modified":"2026-03-22T00:24:51","modified_gmt":"2026-03-22T00:24:51","slug":"eigener-beitrag","status":"publish","type":"page","link":"https:\/\/smyv.de\/?page_id=143","title":{"rendered":"News"},"content":{"rendered":"<ul class=\"wp-block-latest-posts__list is-grid columns-3 has-dates alignleft wp-block-latest-posts\"><li><a class=\"wp-block-latest-posts__post-title\" href=\"https:\/\/smyv.de\/?p=1041\">(kein Titel)<\/a><time datetime=\"2026-03-20T16:36:35+00:00\" class=\"wp-block-latest-posts__post-date\">20. M\u00e4rz 2026<\/time><div class=\"wp-block-latest-posts__post-excerpt\"><\/div><\/li>\n<li><div class=\"wp-block-latest-posts__featured-image alignleft\"><img loading=\"lazy\" decoding=\"async\" width=\"150\" height=\"150\" src=\"https:\/\/smyv.de\/wp-content\/uploads\/2025\/10\/Stadtkirche-150x150.jpg\" class=\"attachment-thumbnail size-thumbnail wp-post-image\" alt=\"\" style=\"max-width:75px;max-height:75px;\" sizes=\"auto, 100vw\" \/><\/div><a class=\"wp-block-latest-posts__post-title\" href=\"https:\/\/smyv.de\/?p=964\">Absegeln beim SMYV<\/a><time datetime=\"2025-10-30T17:09:15+00:00\" class=\"wp-block-latest-posts__post-date\">30. Oktober 2025<\/time><div class=\"wp-block-latest-posts__post-excerpt\">Am Sonntag, den 19.Oktober stand wieder einmal das Absegeln an, diesmal lautete das Motto \u201eB\u00e4ren-Cup\u201c. Eine gro\u00dfe Anzahl Mitglieder fand sich bereits zum gemeinsamen Mittagessen ein und nat\u00fcrlich wurden parallel &hellip; <p class=\"link-more\"><a href=\"https:\/\/smyv.de\/?p=964\" class=\"more-link\">Mehr <span class=\"screen-reader-text\">\u00fcber &#8222;Absegeln beim SMYV&#8220; <\/span>Lesen<\/a><\/p><\/div><\/li>\n<li><div class=\"wp-block-latest-posts__featured-image alignleft\"><img loading=\"lazy\" decoding=\"async\" width=\"150\" height=\"150\" src=\"https:\/\/smyv.de\/wp-content\/uploads\/2025\/06\/eng-um-die-LUV-Tonne-150x150.jpeg\" class=\"attachment-thumbnail size-thumbnail wp-post-image\" alt=\"\" style=\"max-width:75px;max-height:75px;\" sizes=\"auto, 100vw\" \/><\/div><a class=\"wp-block-latest-posts__post-title\" href=\"https:\/\/smyv.de\/?p=946\">Optiliga Bodmann 2025<\/a><time datetime=\"2025-06-05T21:09:03+00:00\" class=\"wp-block-latest-posts__post-date\">5. Juni 2025<\/time><div class=\"wp-block-latest-posts__post-excerpt\">Die zweite Optiliga ruft und lockt 4 unserer 7 frisch gebackenen Jugendsegelschein Absolventen an den Bodensee (Text: Stefanie und Michael Stoz) Am Samstag den 31. Mai um 11:00 Uhr startete &hellip; <p class=\"link-more\"><a href=\"https:\/\/smyv.de\/?p=946\" class=\"more-link\">Mehr <span class=\"screen-reader-text\">\u00fcber &#8222;Optiliga Bodmann 2025&#8220; <\/span>Lesen<\/a><\/p><\/div><\/li>\n<li><div class=\"wp-block-latest-posts__featured-image alignleft\"><img loading=\"lazy\" decoding=\"async\" width=\"150\" height=\"150\" src=\"https:\/\/smyv.de\/wp-content\/uploads\/2025\/05\/04_Optiliga_-150x150.jpg\" class=\"attachment-thumbnail size-thumbnail wp-post-image\" alt=\"\" style=\"max-width:75px;max-height:75px;\" sizes=\"auto, 100vw\" \/><\/div><a class=\"wp-block-latest-posts__post-title\" href=\"https:\/\/smyv.de\/?p=916\">Zinnteller-Regatta 2025<\/a><time datetime=\"2025-05-25T20:17:25+00:00\" class=\"wp-block-latest-posts__post-date\">25. Mai 2025<\/time><div class=\"wp-block-latest-posts__post-excerpt\">(Text: NK) Am 18.05.2025 richtete der SMYV die \u201eZinnteller-Regatta\u201c aus, eine Regatta der Opti-Liga. Bereits Tage zuvor zeigten die jungen SeglerInnen des SMYV gro\u00dfen Einsatz, denn am Mittwoch fand ein &hellip; <p class=\"link-more\"><a href=\"https:\/\/smyv.de\/?p=916\" class=\"more-link\">Mehr <span class=\"screen-reader-text\">\u00fcber &#8222;Zinnteller-Regatta 2025&#8220; <\/span>Lesen<\/a><\/p><\/div><\/li>\n<li><div class=\"wp-block-latest-posts__featured-image alignleft\"><img loading=\"lazy\" decoding=\"async\" width=\"150\" height=\"150\" src=\"https:\/\/smyv.de\/wp-content\/uploads\/2025\/05\/20250517_131037-150x150.jpg\" class=\"attachment-thumbnail size-thumbnail wp-post-image\" alt=\"\" style=\"max-width:75px;max-height:75px;\" sizes=\"auto, 100vw\" \/><\/div><a class=\"wp-block-latest-posts__post-title\" href=\"https:\/\/smyv.de\/?p=907\">Ansegeln 2025<\/a><time datetime=\"2025-05-21T22:09:38+00:00\" class=\"wp-block-latest-posts__post-date\">21. Mai 2025<\/time><div class=\"wp-block-latest-posts__post-excerpt\">(Text: NK) Am 17.05.2025 war es soweit: Das traditionelle Ansegeln mit Pokalregatta fand bei strahlendem Sonnenschein und guten Windverh\u00e4ltnissen statt. Nach einem Wei\u00dfwurstfr\u00fchst\u00fcck erfolgte f\u00fcr die TeilnehmerInnen der Regatta die &hellip; <p class=\"link-more\"><a href=\"https:\/\/smyv.de\/?p=907\" class=\"more-link\">Mehr <span class=\"screen-reader-text\">\u00fcber &#8222;Ansegeln 2025&#8220; <\/span>Lesen<\/a><\/p><\/div><\/li>\n<li><div class=\"wp-block-latest-posts__featured-image alignleft\"><img loading=\"lazy\" decoding=\"async\" width=\"150\" height=\"150\" src=\"https:\/\/smyv.de\/wp-content\/uploads\/2025\/05\/20250421_155631-1-150x150.jpg\" class=\"attachment-thumbnail size-thumbnail wp-post-image\" alt=\"\" style=\"max-width:75px;max-height:75px;\" sizes=\"auto, 100vw\" \/><\/div><a class=\"wp-block-latest-posts__post-title\" href=\"https:\/\/smyv.de\/?p=795\">Ostertraining am Gardasee 2025<\/a><time datetime=\"2025-05-12T21:52:28+00:00\" class=\"wp-block-latest-posts__post-date\">12. Mai 2025<\/time><div class=\"wp-block-latest-posts__post-excerpt\">(Text: NK) W\u00e4hrend das Herbsttraining bereits ein fixer H\u00f6hepunkt im Jahr ist, fand\u00a0nun\u00a0bereits im Fr\u00fchjahr ein Training in\u00a0Torbole\u00a0am Gardasee statt. Kinder und Jugendliche des SMYV sowie des TV Weiher und &hellip; <p class=\"link-more\"><a href=\"https:\/\/smyv.de\/?p=795\" class=\"more-link\">Mehr <span class=\"screen-reader-text\">\u00fcber &#8222;Ostertraining am Gardasee 2025&#8220; <\/span>Lesen<\/a><\/p><\/div><\/li>\n<li><div class=\"wp-block-latest-posts__featured-image alignleft\"><img loading=\"lazy\" decoding=\"async\" width=\"150\" height=\"150\" src=\"https:\/\/smyv.de\/wp-content\/uploads\/2025\/03\/420-Opti-150x150.jpg\" class=\"attachment-thumbnail size-thumbnail wp-post-image\" alt=\"\" style=\"max-width:75px;max-height:75px;\" srcset=\"https:\/\/smyv.de\/wp-content\/uploads\/2025\/03\/420-Opti-150x150.jpg 150w, https:\/\/smyv.de\/wp-content\/uploads\/2025\/03\/420-Opti-400x400.jpg 400w\" sizes=\"auto, 100vw\" \/><\/div><a class=\"wp-block-latest-posts__post-title\" href=\"https:\/\/smyv.de\/?p=642\">Trainingslager \u00dcberlingen 2024<\/a><time datetime=\"2024-07-24T13:54:00+00:00\" class=\"wp-block-latest-posts__post-date\">24. Juli 2024<\/time><div class=\"wp-block-latest-posts__post-excerpt\">(Text: Uwe L\u00f6ffler) Am Wochenende vom 29.-30. Juni 2024 war es wieder soweit. Eine ganze Armada von Autos mit Bootsanh\u00e4ngern ist zu unserem SMYV-Ausw\u00e4rtstraining nach \u00dcberlingen gekommen. Neben eigenen Booten &hellip; <p class=\"link-more\"><a href=\"https:\/\/smyv.de\/?p=642\" class=\"more-link\">Mehr <span class=\"screen-reader-text\">\u00fcber &#8222;Trainingslager \u00dcberlingen 2024&#8220; <\/span>Lesen<\/a><\/p><\/div><\/li>\n<li><div class=\"wp-block-latest-posts__featured-image alignleft\"><img loading=\"lazy\" decoding=\"async\" width=\"150\" height=\"150\" src=\"https:\/\/smyv.de\/wp-content\/uploads\/2023\/03\/fasching-150x150.jpg\" class=\"attachment-thumbnail size-thumbnail wp-post-image\" alt=\"\" style=\"max-width:75px;max-height:75px;\" srcset=\"https:\/\/smyv.de\/wp-content\/uploads\/2023\/03\/fasching-150x150.jpg 150w, https:\/\/smyv.de\/wp-content\/uploads\/2023\/03\/fasching-400x400.jpg 400w\" sizes=\"auto, 100vw\" \/><\/div><a class=\"wp-block-latest-posts__post-title\" href=\"https:\/\/smyv.de\/?p=125\">Faschingsfeier im SMYV<\/a><time datetime=\"2023-03-16T22:40:00+00:00\" class=\"wp-block-latest-posts__post-date\">16. M\u00e4rz 2023<\/time><div class=\"wp-block-latest-posts__post-excerpt\">Passend zur n\u00e4rrischen Zeit fanden sich am Donnerstag den 9.2. die Kinder nach dem Training noch zum Faschingstreiben ein. In vielen bunten Kost\u00fcmen und Verkleidungen wurde die Narrenzeit beim Segelverein &hellip; <p class=\"link-more\"><a href=\"https:\/\/smyv.de\/?p=125\" class=\"more-link\">Mehr <span class=\"screen-reader-text\">\u00fcber &#8222;Faschingsfeier im SMYV&#8220; <\/span>Lesen<\/a><\/p><\/div><\/li>\n<\/ul>","protected":false},"excerpt":{"rendered":"","protected":false},"author":1,"featured_media":375,"parent":0,"menu_order":0,"comment_status":"closed","ping_status":"closed","template":"","meta":{"inspiro_hide_title":false,"footnotes":""},"class_list":["post-143","page","type-page","status-publish","has-post-thumbnail","hentry"],"jetpack_sharing_enabled":true,"_links":{"self":[{"href":"https:\/\/smyv.de\/index.php?rest_route=\/wp\/v2\/pages\/143","targetHints":{"allow":["GET"]}}],"collection":[{"href":"https:\/\/smyv.de\/index.php?rest_route=\/wp\/v2\/pages"}],"about":[{"href":"https:\/\/smyv.de\/index.php?rest_route=\/wp\/v2\/types\/page"}],"author":[{"embeddable":true,"href":"https:\/\/smyv.de\/index.php?rest_route=\/wp\/v2\/users\/1"}],"replies":[{"embeddable":true,"href":"https:\/\/smyv.de\/index.php?rest_route=%2Fwp%2Fv2%2Fcomments&post=143"}],"version-history":[{"count":2,"href":"https:\/\/smyv.de\/index.php?rest_route=\/wp\/v2\/pages\/143\/revisions"}],"predecessor-version":[{"id":872,"href":"https:\/\/smyv.de\/index.php?rest_route=\/wp\/v2\/pages\/143\/revisions\/872"}],"wp:featuredmedia":[{"embeddable":true,"href":"https:\/\/smyv.de\/index.php?rest_route=\/wp\/v2\/media\/375"}],"wp:attachment":[{"href":"https:\/\/smyv.de\/index.php?rest_route=%2Fwp%2Fv2%2Fmedia&parent=143"}],"curies":[{"name":"wp","href":"https:\/\/api.w.org\/{rel}","templated":true}]}}